{"id":259,"date":"2023-02-10T15:28:51","date_gmt":"2023-02-10T12:28:51","guid":{"rendered":"https:\/\/nedanli.com\/?page_id=259"},"modified":"2024-12-12T12:56:21","modified_gmt":"2024-12-12T09:56:21","slug":"denizyolu-tasimaciligi","status":"publish","type":"page","link":"https:\/\/nedanli.com\/en\/denizyolu-tasimaciligi\/","title":{"rendered":"Maritime Transport"},"content":{"rendered":"<section class=\"vc_section vc_custom_1676031327768\"><div class=\"vc_row wpb_row row\"><div class=\"vc_column_container col-md-6\"><div class=\"wpb_wrapper vc_column-inner\"><div class=\"porto-u-heading\" data-hspacer=\"line_only\" data-halign=\"left\" style=\"text-align:left\"><div class=\"porto-u-main-heading\"><h2>Your Global Partner in Maritime Transportation<\/h2><\/div><div class=\"porto-u-heading-spacer line_only\" style=\"height:2px;\"><span class=\"porto-u-headings-line\" style=\"border-style:solid;border-bottom-width:2px;border-color:#17075a;width:160px;margin-left: 0\"><\/span><\/div><div class=\"porto-u-sub-heading\" style=\"\">\n<p>&nbsp;<\/p>\n<p>Our company provides professional maritime transportation services across all ports, leveraging an extensive network of experienced agents in regions such as the Middle East, Asia, the Americas, Africa, and the Far East. We not only facilitate logistics between Turkey and other countries but also deliver comprehensive maritime solutions for trade between nations outside Turkey, executing complex international projects with precision.<\/p>\n<p>&nbsp;<\/p>\n<p>Specializing in container and project transportation, we offer \u201cdoor-to-door\u201d services for both full-container load (FCL) and less-than-container load (LCL) shipments. Backed by a robust network of agents and operational expertise, we ensure reliable and seamless logistics support for all your global trade needs.<\/p>\n<p>&nbsp;<\/p>\n<p>Our expertise in maritime transport extends to integrated multimodal logistics solutions, combining sea freight with land, air, and rail transportation. Additionally, we simplify your processes with customs clearance support and successfully manage specialized logistics projects, including oversized, hazardous, and out-of-gauge cargo shipments.<\/p>\n<p>&nbsp;<\/p>\n<p>For dependable, efficient, and professional transportation solutions in global trade <strong>Nedanl\u0131 International Transport and Foreign Trade Ltd<\/strong><\/div><\/div><\/div><\/div><div class=\"vc_column_container col-md-6\"><div class=\"wpb_wrapper vc_column-inner\">\n\t<div class=\"wpb_single_image wpb_content_element vc_align_center\">\n\t\t<div class=\"wpb_wrapper\">\n\t\t\t\n\t\t\t<div class=\"vc_single_image-wrapper   vc_box_border_grey\"><img loading=\"lazy\" decoding=\"async\" width=\"500\" height=\"500\" src=\"https:\/\/nedanli.com\/wp-content\/uploads\/2023\/02\/denizyolu-sayfasi.webp\" class=\"vc_single_image-img attachment-full\" alt=\"\" srcset=\"https:\/\/nedanli.com\/wp-content\/uploads\/2023\/02\/denizyolu-sayfasi.webp 500w, https:\/\/nedanli.com\/wp-content\/uploads\/2023\/02\/denizyolu-sayfasi-400x400.webp 400w\" sizes=\"auto, (max-width: 500px) 100vw, 500px\" \/><\/div>\n\t\t<\/div>\n\t<\/div>\n<\/div><\/div><\/div><\/section><section class=\"vc_section\"><div class=\"vc_row wpb_row row\"><div class=\"vc_column_container col-md-12\"><div class=\"wpb_wrapper vc_column-inner\">\n\t<div class=\"wpb_single_image wpb_content_element vc_align_left\">\n\t\t<div class=\"wpb_wrapper\">\n\t\t\t\n\t\t\t<div class=\"vc_single_image-wrapper   vc_box_border_grey\"><img loading=\"lazy\" decoding=\"async\" width=\"1916\" height=\"190\" src=\"https:\/\/nedanli.com\/wp-content\/uploads\/2023\/02\/denizyolu-alt-banner.webp\" class=\"vc_single_image-img attachment-full\" alt=\"\" srcset=\"https:\/\/nedanli.com\/wp-content\/uploads\/2023\/02\/denizyolu-alt-banner.webp 1916w, https:\/\/nedanli.com\/wp-content\/uploads\/2023\/02\/denizyolu-alt-banner-1024x102.webp 1024w, https:\/\/nedanli.com\/wp-content\/uploads\/2023\/02\/denizyolu-alt-banner-768x76.webp 768w, https:\/\/nedanli.com\/wp-content\/uploads\/2023\/02\/denizyolu-alt-banner-1536x152.webp 1536w, https:\/\/nedanli.com\/wp-content\/uploads\/2023\/02\/denizyolu-alt-banner-640x63.webp 640w, https:\/\/nedanli.com\/wp-content\/uploads\/2023\/02\/denizyolu-alt-banner-400x40.webp 400w\" sizes=\"auto, (max-width: 1916px) 100vw, 1916px\" \/><\/div>\n\t\t<\/div>\n\t<\/div>\n<\/div><\/div><\/div><\/section>","protected":false},"excerpt":{"rendered":"Denizyolu Ta\u015f\u0131mac\u0131l\u0131\u011f\u0131nda Global \u00c7\u00f6z\u00fcm Orta\u011f\u0131n\u0131z &nbsp; Firmam\u0131z, Ortado\u011fu, Asya, Amerika, Afrika ve Uzakdo\u011fu gibi deniza\u015f\u0131r\u0131 b\u00f6lgelerle ger\u00e7ekle\u015ftirilen ticaretlerde, geni\u015f deneyime sahip acente a\u011f\u0131 ile t\u00fcm limanlarda profesyonel denizyolu ta\u015f\u0131mac\u0131l\u0131k hizmetleri sunmaktad\u0131r. T\u00fcrkiye ile d\u00fcnya \u00fclkeleri aras\u0131nda ta\u015f\u0131mac\u0131l\u0131k faaliyetlerini ba\u015far\u0131yla y\u00fcr\u00fctmekle kalmay\u0131p, T\u00fcrkiye d\u0131\u015f\u0131ndaki \u00fclkeler aras\u0131nda da denizyolu lojistik \u00e7\u00f6z\u00fcmleri geli\u015ftirmekte ve projeler ger\u00e7ekle\u015ftirmektedir. &nbsp; Konteyner [...]","protected":false},"author":1,"featured_media":0,"parent":0,"menu_order":0,"comment_status":"closed","ping_status":"closed","template":"","meta":{"footnotes":""},"class_list":["post-259","page","type-page","status-publish","hentry"],"_links":{"self":[{"href":"https:\/\/nedanli.com\/en\/wp-json\/wp\/v2\/pages\/259","targetHints":{"allow":["GET"]}}],"collection":[{"href":"https:\/\/nedanli.com\/en\/wp-json\/wp\/v2\/pages"}],"about":[{"href":"https:\/\/nedanli.com\/en\/wp-json\/wp\/v2\/types\/page"}],"author":[{"embeddable":true,"href":"https:\/\/nedanli.com\/en\/wp-json\/wp\/v2\/users\/1"}],"replies":[{"embeddable":true,"href":"https:\/\/nedanli.com\/en\/wp-json\/wp\/v2\/comments?post=259"}],"version-history":[{"count":9,"href":"https:\/\/nedanli.com\/en\/wp-json\/wp\/v2\/pages\/259\/revisions"}],"predecessor-version":[{"id":380,"href":"https:\/\/nedanli.com\/en\/wp-json\/wp\/v2\/pages\/259\/revisions\/380"}],"wp:attachment":[{"href":"https:\/\/nedanli.com\/en\/wp-json\/wp\/v2\/media?parent=259"}],"curies":[{"name":"wp","href":"https:\/\/api.w.org\/{rel}","templated":true}]}}