{"id":39,"date":"2016-08-11T08:55:34","date_gmt":"2016-08-11T08:55:34","guid":{"rendered":"http:\/\/sw-themes.com\/porto_dummy\/law-firm\/?page_id=39"},"modified":"2024-12-06T21:29:22","modified_gmt":"2024-12-06T18:29:22","slug":"hakkimizda","status":"publish","type":"page","link":"https:\/\/nedanli.com\/en\/hakkimizda\/","title":{"rendered":"About Us"},"content":{"rendered":"<section class=\"vc_section vc_custom_1676033328672\"><div class=\"vc_row wpb_row row\"><div class=\"vc_column_container col-md-12\"><div class=\"wpb_wrapper vc_column-inner\"><div class=\"porto-u-heading\" data-hspacer=\"line_only\" data-halign=\"center\" style=\"text-align:center\"><div class=\"porto-u-main-heading\"><h2>ABOUT US<\/h2><\/div><div class=\"porto-u-heading-spacer line_only\" style=\"height:2px;\"><span class=\"porto-u-headings-line\" style=\"border-style:solid;border-bottom-width:2px;border-color:#17075a;width:160px;\"><\/span><\/div><div class=\"porto-u-sub-heading\" style=\"\">\n<p>&nbsp;<\/p>\n<p>Nedanl\u0131 Uluslararas\u0131 Ta\u015f\u0131mac\u0131l\u0131k D\u0131\u015f Ticaret Ltd. \u015eti. has been a trusted partner specializing in International Transportation, Foreign Trade, and Consultancy since 1999. With our comprehensive services in maritime transport , highway transport , and airways transport, we accelerate our clients' commercial operations and streamline global logistics processes.<\/p>\n<p>&nbsp;<\/p>\n<p>Our company aims to transport your loads safely and to contribute to the growth of its business partners by offering transparency and professionalism at every step, with a working approach based on reliability, quality and customer satisfaction, thanks to its wide agency network reaching all over the world and innovative logistics solutions.<\/p>\n<p>&nbsp;<\/p>\n<p>With our expert team and advanced technological infrastructure, we continue to deliver services that make a difference in the logistics industry. Since its establishment, our company has consistently strived for improvement in all areas and set itself the goal of \"Being the Best In Its Field\".<\/div><\/div><\/div><\/div><\/div><\/section>","protected":false},"excerpt":{"rendered":"HAKKIMIZDA &nbsp; Nedanl\u0131 Uluslararas\u0131 Ta\u015f\u0131mac\u0131l\u0131k D\u0131\u015f Ticaret Ltd. \u015eti., 1999 y\u0131l\u0131ndan bu yana Uluslararas\u0131 Ta\u015f\u0131mac\u0131l\u0131k, D\u0131\u015f Ticaret ve Dan\u0131\u015fmanl\u0131k alanlar\u0131nda uzmanla\u015fm\u0131\u015f bir \u00e7\u00f6z\u00fcm orta\u011f\u0131d\u0131r. Deniz, kara ve hava yolu ta\u015f\u0131mac\u0131l\u0131\u011f\u0131nda sa\u011flad\u0131\u011f\u0131m\u0131z kapsaml\u0131 hizmetlerle m\u00fc\u015fterilerimizin ticari operasyonlar\u0131n\u0131 h\u0131zland\u0131r\u0131yor ve k\u00fcresel lojistik s\u00fcre\u00e7lerini kolayla\u015ft\u0131r\u0131yoruz. &nbsp; \u015eirketimiz ,g\u00fcvenilirlik, kalite ve m\u00fc\u015fteri memnuniyetini temel alan \u00e7al\u0131\u015fma anlay\u0131\u015f\u0131yla, d\u00fcnyan\u0131n d\u00f6rt [...]","protected":false},"author":1,"featured_media":0,"parent":0,"menu_order":0,"comment_status":"closed","ping_status":"closed","template":"","meta":{"footnotes":""},"class_list":["post-39","page","type-page","status-publish","hentry"],"_links":{"self":[{"href":"https:\/\/nedanli.com\/en\/wp-json\/wp\/v2\/pages\/39","targetHints":{"allow":["GET"]}}],"collection":[{"href":"https:\/\/nedanli.com\/en\/wp-json\/wp\/v2\/pages"}],"about":[{"href":"https:\/\/nedanli.com\/en\/wp-json\/wp\/v2\/types\/page"}],"author":[{"embeddable":true,"href":"https:\/\/nedanli.com\/en\/wp-json\/wp\/v2\/users\/1"}],"replies":[{"embeddable":true,"href":"https:\/\/nedanli.com\/en\/wp-json\/wp\/v2\/comments?post=39"}],"version-history":[{"count":8,"href":"https:\/\/nedanli.com\/en\/wp-json\/wp\/v2\/pages\/39\/revisions"}],"predecessor-version":[{"id":362,"href":"https:\/\/nedanli.com\/en\/wp-json\/wp\/v2\/pages\/39\/revisions\/362"}],"wp:attachment":[{"href":"https:\/\/nedanli.com\/en\/wp-json\/wp\/v2\/media?parent=39"}],"curies":[{"name":"wp","href":"https:\/\/api.w.org\/{rel}","templated":true}]}}