{"id":65,"date":"2016-08-11T07:18:41","date_gmt":"2016-08-11T07:18:41","guid":{"rendered":"http:\/\/sw-themes.com\/porto_dummy\/law-firm\/?page_id=2"},"modified":"2024-03-15T10:26:54","modified_gmt":"2024-03-15T07:26:54","slug":"iletisim","status":"publish","type":"page","link":"https:\/\/nedanli.com\/en\/iletisim\/","title":{"rendered":"\u0130letisim"},"content":{"rendered":"<div class=\"vc_row wpb_row porto-inner-container\"><div class=\"porto-wrap-container container\"><div class=\"row\"><div class=\"vc_column_container col-md-7\"><div class=\"wpb_wrapper vc_column-inner\"><h2 style=\"font-size: 36px\" class=\"vc_custom_heading m-b-md align-left\">Our Contact Information<\/h2><div class=\"porto-separator\"><div class=\"divider divider-small  align_left solid\"><hr  style=\"background-color:#17075a;height:3px;\"><\/div><\/div>\n\t<div class=\"wpb_text_column wpb_content_element  lead m-b-lg\" >\n\t\t<div class=\"wpb_wrapper\">\n\t\t\t<p>You can reach us by filling out the contact form below.<\/p>\n\n\t\t<\/div>\n\t<\/div>\n\n<div class=\"wpcf7 no-js\" id=\"wpcf7-f58-o1\" lang=\"en-US\" dir=\"ltr\">\n<div class=\"screen-reader-response\"><p role=\"status\" aria-live=\"polite\" aria-atomic=\"true\"><\/p> <ul><\/ul><\/div>\n<form action=\"\/en\/wp-json\/wp\/v2\/pages\/65#wpcf7-f58-o1\" method=\"post\" class=\"wpcf7-form init\" aria-label=\"Contact form\" novalidate=\"novalidate\" data-status=\"init\" data-trp-original-action=\"\/en\/wp-json\/wp\/v2\/pages\/65#wpcf7-f58-o1\">\n<div style=\"display: none;\">\n<input type=\"hidden\" name=\"_wpcf7\" value=\"58\" \/>\n<input type=\"hidden\" name=\"_wpcf7_version\" value=\"5.7.3\" \/>\n<input type=\"hidden\" name=\"_wpcf7_locale\" value=\"en_US\" \/>\n<input type=\"hidden\" name=\"_wpcf7_unit_tag\" value=\"wpcf7-f58-o1\" \/>\n<input type=\"hidden\" name=\"_wpcf7_container_post\" value=\"0\" \/>\n<input type=\"hidden\" name=\"_wpcf7_posted_data_hash\" value=\"\" \/>\n<\/div>\n<div class=\"row\">\n\t<div class=\"col-lg-12\">\n\t\t<div class=\"form-group\">\n\t\t\t<p><span class=\"wpcf7-form-control-wrap\" data-name=\"your-name\"><input size=\"40\" class=\"wpcf7-form-control wpcf7-text wpcf7-validates-as-required form-control input-lg\" id=\"contact-name\" aria-required=\"true\" aria-invalid=\"false\" placeholder=\"Write Your Name\" value=\"\" type=\"text\" name=\"your-name\" \/><\/span>\n\t\t\t<\/p>\n\t\t<\/div>\n\t<\/div>\n\t<div class=\"col-lg-12\">\n\t\t<div class=\"form-group\">\n\t\t\t<p><span class=\"wpcf7-form-control-wrap\" data-name=\"your-email\"><input size=\"40\" class=\"wpcf7-form-control wpcf7-text wpcf7-email wpcf7-validates-as-required wpcf7-validates-as-email form-control input-lg\" id=\"contact-email\" aria-required=\"true\" aria-invalid=\"false\" placeholder=\"Write Your Email Address\" value=\"\" type=\"email\" name=\"your-email\" \/><\/span>\n\t\t\t<\/p>\n\t\t<\/div>\n\t<\/div>\n\t<div class=\"col-lg-12\">\n\t\t<div class=\"form-group\">\n\t\t\t<p><span class=\"wpcf7-form-control-wrap\" data-name=\"your-subject\"><input size=\"40\" class=\"wpcf7-form-control wpcf7-text wpcf7-validates-as-required form-control input-lg\" id=\"contact-subject\" aria-required=\"true\" aria-invalid=\"false\" placeholder=\"Write the Subject\" value=\"\" type=\"text\" name=\"your-subject\" \/><\/span>\n\t\t\t<\/p>\n\t\t<\/div>\n\t<\/div>\n\t<div class=\"col-lg-12\">\n\t\t<div class=\"form-group\">\n\t\t\t<p><span class=\"wpcf7-form-control-wrap\" data-name=\"your-message\"><textarea cols=\"40\" rows=\"5\" class=\"wpcf7-form-control wpcf7-textarea wpcf7-validates-as-required form-control input-lg\" id=\"contact-message\" aria-required=\"true\" aria-invalid=\"false\" placeholder=\"Write Your Message\" name=\"your-message\"><\/textarea><\/span>\n\t\t\t<\/p>\n\t\t<\/div>\n\t<\/div>\n\t<div class=\"col-lg-12\">\n\t\t<div class=\"form-group\">\n\t\t\t<p><input class=\"wpcf7-form-control has-spinner wpcf7-submit btn btn-primary btn-lg\" type=\"submit\" value=\"Send Message\" \/>\n\t\t\t<\/p>\n\t\t<\/div>\n\t<\/div>\n<\/div><div class=\"wpcf7-response-output\" aria-hidden=\"true\"><\/div>\n<input type=\"hidden\" name=\"trp-form-language\" value=\"en\"\/><\/form>\n<\/div>\n<\/div><\/div><div class=\"vc_column_container col-md-1\"><div class=\"wpb_wrapper vc_column-inner\"><\/div><\/div><div class=\"vc_column_container col-md-4\"><div class=\"wpb_wrapper vc_column-inner\"><h4  class=\"vc_custom_heading align-left\">Our Contact Information<\/h4><div class=\"porto-separator   m-b-lg\"><div class=\"divider divider-small  align_left solid\"><hr  style=\"background-color:#17075a;height:3px;\"><\/div><\/div><div class=\"porto-sicon-box style_1 default-icon\"><div class=\"porto-sicon-default\"><div id=\"porto-icon-7156753969f0e684e117e\" class=\"porto-just-icon-wrapper\" style=\"text-align:center;\"><div class=\"porto-icon circle\" style=\"color:#ffffff;background:#17075a;font-size:14px;display:inline-block;\"><i class=\"fas fa-map-marker-alt\"><\/i><\/div><\/div><\/div><div class=\"porto-sicon-header\"><h3 class=\"porto-sicon-title\" style=\"font-size:14px;color:#777777;\"><strong>Address:<\/strong>\u00dcnalan Mahallesi \u00dcnalan Cad. Bo\u011fazi\u00e7i Sitesi Blok:1 D:1 \u00dcsk\u00fcdar\/\u0130ST<\/h3><\/div> <!-- header --><\/div><!-- porto-sicon-box --><div class=\"porto-sicon-box style_1 default-icon\"><div class=\"porto-sicon-default\"><div id=\"porto-icon-37453301269f0e684e142f\" class=\"porto-just-icon-wrapper\" style=\"text-align:center;\"><div class=\"porto-icon circle\" style=\"color:#ffffff;background:#17075a;font-size:14px;display:inline-block;\"><i class=\"fas fa-phone\"><\/i><\/div><\/div><\/div><div class=\"porto-sicon-header\"><h3 class=\"porto-sicon-title\" style=\"font-size:14px;color:#777777;\"><strong>Phone :<\/strong> +90(216) 315 98 08<\/h3><\/div> <!-- header --><\/div><!-- porto-sicon-box --><div class=\"porto-sicon-box style_1 default-icon\"><div class=\"porto-sicon-default\"><div id=\"porto-icon-50022425969f0e684e1746\" class=\"porto-just-icon-wrapper\" style=\"text-align:center;\"><div class=\"porto-icon circle\" style=\"color:#ffffff;background:#17075a;font-size:14px;display:inline-block;\"><i class=\"far fa-envelope\"><\/i><\/div><\/div><\/div><div class=\"porto-sicon-header\"><h3 class=\"porto-sicon-title\" style=\"font-size:14px;color:#777777;\"><strong>E-Mail:<\/strong> info@nedanli.com<\/h3><\/div> <!-- header --><\/div><!-- porto-sicon-box --><h4  class=\"vc_custom_heading m-t-xlg align-left\">Our Working Hours:<\/h4><div class=\"porto-separator   m-b-lg\"><div class=\"divider divider-small  align_left solid\"><hr  style=\"background-color:#17075a;height:3px;\"><\/div><\/div><div class=\"porto-sicon-box style_1 default-icon\"><div class=\"porto-sicon-default\"><div id=\"porto-icon-59455268969f0e684e1dae\" class=\"porto-just-icon-wrapper\" style=\"text-align:center;\"><div class=\"porto-icon none\" style=\"font-size:14px;display:inline-block;\"><i class=\"far fa-clock\"><\/i><\/div><\/div><\/div><div class=\"porto-sicon-header\"><h3 class=\"porto-sicon-title\" style=\"font-size:14px;color:#777777;\">Pazartesi - Cuma : 09:00 - 18:00<\/h3><\/div> <!-- header --><\/div><!-- porto-sicon-box --><div class=\"porto-sicon-box style_1 default-icon\"><div class=\"porto-sicon-default\"><div id=\"porto-icon-14021168169f0e684e2033\" class=\"porto-just-icon-wrapper\" style=\"text-align:center;\"><div class=\"porto-icon none\" style=\"font-size:14px;display:inline-block;\"><i class=\"far fa-clock\"><\/i><\/div><\/div><\/div><div class=\"porto-sicon-header\"><h3 class=\"porto-sicon-title\" style=\"font-size:14px;color:#777777;\">Weekend : CLOSED<\/h3><\/div> <!-- header --><\/div><!-- porto-sicon-box --><\/div><\/div><\/div><\/div><\/div><div data-vc-full-width=\"true\" data-vc-full-width-init=\"false\" data-vc-stretch-content=\"true\" class=\"vc_row wpb_row row m-b-n-xlg vc_row-no-padding\"><div class=\"vc_column_container col-md-12\"><div class=\"wpb_wrapper vc_column-inner\"><div class=\"wpb_gmaps_widget wpb_content_element\"><div class=\"wpb_wrapper\"><div class=\"wpb_map_wraper\"><iframe src=\"https:\/\/www.google.com\/maps\/embed?pb=!1m14!1m8!1m3!1d12045.138858966826!2d29.0731588!3d40.9971411!3m2!1i1024!2i768!4f13.1!3m3!1m2!1s0x14cac39e11495183%3A0xaea893a55c383e0e!2sNedanli%20Freight%20Forwarder!5e0!3m2!1str!2str!4v1676023219246!5m2!1str!2str\" width=\"600\" height=\"450\" style=\"border:0;\" allowfullscreen=\"\" loading=\"lazy\" referrerpolicy=\"no-referrer-when-downgrade\"><\/iframe><\/div><\/div><\/div><\/div><\/div><\/div><div class=\"vc_row-full-width vc_clearfix\"><\/div>","protected":false},"excerpt":{"rendered":"\u0130leti\u015fim Bilgilerimiz A\u015fa\u011f\u0131daki ileti\u015fim formunu doldurarak bizlere ula\u015fabilirsiniz. \u0130leti\u015fim BilgilerimizAdres:\u00dcnalan Mahallesi \u00dcnalan Cad. Bo\u011fazi\u00e7i Sitesi Blok:1 D:1 \u00dcsk\u00fcdar\/\u0130ST Telefon : +90(216) 315 98 08 E-Posta: info@nedanli.com \u00c7al\u0131\u015fma SaatlerimizPazartesi - Cuma : 09:00 - 18:00 Hafta Sonu : KAPALI","protected":false},"author":1,"featured_media":0,"parent":0,"menu_order":0,"comment_status":"closed","ping_status":"open","template":"","meta":{"footnotes":""},"class_list":["post-65","page","type-page","status-publish","hentry"],"_links":{"self":[{"href":"https:\/\/nedanli.com\/en\/wp-json\/wp\/v2\/pages\/65","targetHints":{"allow":["GET"]}}],"collection":[{"href":"https:\/\/nedanli.com\/en\/wp-json\/wp\/v2\/pages"}],"about":[{"href":"https:\/\/nedanli.com\/en\/wp-json\/wp\/v2\/types\/page"}],"author":[{"embeddable":true,"href":"https:\/\/nedanli.com\/en\/wp-json\/wp\/v2\/users\/1"}],"replies":[{"embeddable":true,"href":"https:\/\/nedanli.com\/en\/wp-json\/wp\/v2\/comments?post=65"}],"version-history":[{"count":6,"href":"https:\/\/nedanli.com\/en\/wp-json\/wp\/v2\/pages\/65\/revisions"}],"predecessor-version":[{"id":214,"href":"https:\/\/nedanli.com\/en\/wp-json\/wp\/v2\/pages\/65\/revisions\/214"}],"wp:attachment":[{"href":"https:\/\/nedanli.com\/en\/wp-json\/wp\/v2\/media?parent=65"}],"curies":[{"name":"wp","href":"https:\/\/api.w.org\/{rel}","templated":true}]}}